{"id":249,"date":"2024-03-24T19:39:03","date_gmt":"2024-03-24T18:39:03","guid":{"rendered":"https:\/\/last-rainbow.com\/?page_id=249"},"modified":"2024-11-30T13:46:51","modified_gmt":"2024-11-30T12:46:51","slug":"__trashed","status":"publish","type":"page","link":"https:\/\/last-rainbow.com\/index.php\/__trashed\/","title":{"rendered":"Groupe"},"content":{"rendered":"\t\t<div data-elementor-type=\"wp-page\" data-elementor-id=\"249\" class=\"elementor elementor-249\">\n\t\t\t\t<div class=\"elementor-element elementor-element-07de332 e-flex e-con-boxed e-con e-parent\" data-id=\"07de332\" data-element_type=\"container\" data-e-type=\"container\">\n\t\t\t\t\t<div class=\"e-con-inner\">\n\t\t\t\t<div class=\"elementor-element elementor-element-126d9ba elementor-widget elementor-widget-spacer\" data-id=\"126d9ba\" data-element_type=\"widget\" data-e-type=\"widget\" data-widget_type=\"spacer.default\">\n\t\t\t\t<div class=\"elementor-widget-container\">\n\t\t\t\t\t\t\t<div class=\"elementor-spacer\">\n\t\t\t<div class=\"elementor-spacer-inner\"><\/div>\n\t\t<\/div>\n\t\t\t\t\t\t<\/div>\n\t\t\t\t<\/div>\n\t\t\t\t\t<\/div>\n\t\t\t\t<\/div>\n\t\t<div class=\"elementor-element elementor-element-5ed254c6 e-con-full e-flex e-con e-parent\" data-id=\"5ed254c6\" data-element_type=\"container\" data-e-type=\"container\" data-settings=\"{&quot;background_background&quot;:&quot;classic&quot;}\">\n\t\t<div class=\"elementor-element elementor-element-56c81558 e-flex e-con-boxed e-con e-child\" data-id=\"56c81558\" data-element_type=\"container\" data-e-type=\"container\">\n\t\t\t\t\t<div class=\"e-con-inner\">\n\t\t\t\t<div class=\"elementor-element elementor-element-6050fbea animated-fast elementor-invisible elementor-widget elementor-widget-heading\" data-id=\"6050fbea\" data-element_type=\"widget\" data-e-type=\"widget\" data-settings=\"{&quot;_animation&quot;:&quot;fadeInUp&quot;}\" data-widget_type=\"heading.default\">\n\t\t\t\t<div class=\"elementor-widget-container\">\n\t\t\t\t\t<h2 class=\"elementor-heading-title elementor-size-default\">Le Groupe<\/h2>\t\t\t\t<\/div>\n\t\t\t\t<\/div>\n\t\t\t\t\t<\/div>\n\t\t\t\t<\/div>\n\t\t<div class=\"elementor-element elementor-element-4a7d6338 e-con-full e-flex e-con e-child\" data-id=\"4a7d6338\" data-element_type=\"container\" data-e-type=\"container\">\n\t\t<div class=\"elementor-element elementor-element-20742246 e-con-full e-flex e-con e-child\" data-id=\"20742246\" data-element_type=\"container\" data-e-type=\"container\">\n\t\t\t\t<div class=\"elementor-element elementor-element-334aeee3 animated-fast elementor-invisible elementor-widget elementor-widget-heading\" data-id=\"334aeee3\" data-element_type=\"widget\" data-e-type=\"widget\" data-settings=\"{&quot;_animation&quot;:&quot;slideInLeft&quot;}\" data-widget_type=\"heading.default\">\n\t\t\t\t<div class=\"elementor-widget-container\">\n\t\t\t\t\t<h3 class=\"elementor-heading-title elementor-size-default\">RAPHAEL<\/h3>\t\t\t\t<\/div>\n\t\t\t\t<\/div>\n\t\t\t\t<div class=\"elementor-element elementor-element-1a7c295a animated-fast elementor-position-top elementor-invisible elementor-widget elementor-widget-image-box\" data-id=\"1a7c295a\" data-element_type=\"widget\" data-e-type=\"widget\" data-settings=\"{&quot;_animation&quot;:&quot;rollIn&quot;}\" data-widget_type=\"image-box.default\">\n\t\t\t\t<div class=\"elementor-widget-container\">\n\t\t\t\t\t<div class=\"elementor-image-box-wrapper\"><figure class=\"elementor-image-box-img\"><a href=\"https:\/\/www.instagram.com\/wild_raphy\/\" tabindex=\"-1\"><img decoding=\"async\" src=\"https:\/\/last-rainbow.com\/wp-content\/uploads\/2024\/10\/raph-joue.jpg\" title=\"Rapha\u00ebl Meyer Last Rainbow en concert \u00e0 l&#8217;Altherax\" alt=\"Rapha\u00ebl Meyer batteur du groupe Last Rainbow jouant de la batterie en concert \u00e0 l&#039;Altherax, ambiance fum\u00e9e et \u00e9clairage de sc\u00e8ne\" loading=\"lazy\" \/><\/a><\/figure><div class=\"elementor-image-box-content\"><p class=\"elementor-image-box-description\">N\u00e9 un 21 septembre lors d\u2019une ann\u00e9e non bissextile, Rapha\u00ebl a su d\u00e8s son plus jeune \u00e2ge qu'il ne vivrait pas une vie ordinaire. \u00c9lev\u00e9 dans un cirque itin\u00e9rant de montgolfi\u00e8res, il a appris \u00e0 jouer du violon et du piano sur un monocycle avant de d\u00e9couvrir sa passion pour la batterie en jonglant avec des tambours. Ses ann\u00e9es de stage aupr\u00e8s des plus grands chefs d\u2019orchestre de la plan\u00e8te lui ont permis de devenir cet \u00eatre abracadabrantesque capable de passer de la fl\u00fbte \u00e0 la guitare avec l\u2019aisance d\u2019un dauphin manchot qui jouerait au volley. Rapha\u00ebl est aussi l'homme qui a r\u00e9solu le myst\u00e8re de la disparition des chaussettes dans les lave-linges, mais \u00e7a, il pr\u00e9f\u00e8re ne pas trop en parler. Son signe astrologique est le furet, et son plat pr\u00e9f\u00e9r\u00e9 tout ce qui ne n\u00e9cessite pas l\u2019usage d\u2019une fourchette.<\/p><\/div><\/div>\t\t\t\t<\/div>\n\t\t\t\t<\/div>\n\t\t\t\t<\/div>\n\t\t<div class=\"elementor-element elementor-element-677ca30e e-con-full e-flex e-con e-child\" data-id=\"677ca30e\" data-element_type=\"container\" data-e-type=\"container\">\n\t\t\t\t<div class=\"elementor-element elementor-element-246b2da6 animated-fast elementor-invisible elementor-widget elementor-widget-heading\" data-id=\"246b2da6\" data-element_type=\"widget\" data-e-type=\"widget\" data-settings=\"{&quot;_animation&quot;:&quot;slideInLeft&quot;}\" data-widget_type=\"heading.default\">\n\t\t\t\t<div class=\"elementor-widget-container\">\n\t\t\t\t\t<h3 class=\"elementor-heading-title elementor-size-default\">Alex<\/h3>\t\t\t\t<\/div>\n\t\t\t\t<\/div>\n\t\t\t\t<div class=\"elementor-element elementor-element-1008f958 animated-fast elementor-position-top elementor-invisible elementor-widget elementor-widget-image-box\" data-id=\"1008f958\" data-element_type=\"widget\" data-e-type=\"widget\" data-settings=\"{&quot;_animation&quot;:&quot;rollIn&quot;}\" data-widget_type=\"image-box.default\">\n\t\t\t\t<div class=\"elementor-widget-container\">\n\t\t\t\t\t<div class=\"elementor-image-box-wrapper\"><figure class=\"elementor-image-box-img\"><a href=\"https:\/\/www.instagram.com\/alexkeip\/\" tabindex=\"-1\"><img decoding=\"async\" src=\"https:\/\/last-rainbow.com\/wp-content\/uploads\/2024\/10\/alex-style.jpg\" title=\"alex style\" alt=\"alex style\" loading=\"lazy\" \/><\/a><\/figure><div class=\"elementor-image-box-content\"><p class=\"elementor-image-box-description\">Alex est un v\u00e9ritable ma\u00eetre de la guitare. N\u00e9 avec un m\u00e9diator dans la bouche, il a pass\u00e9 son enfance \u00e0 chercher le riff parfait dans les profondeurs d'une grotte trop humide \u00e0 l\u2019origine douteuse. Sa voix, capable de faire fondre un glacier en pleine canicule, et ses solos envo\u00fbtants ont vite conquis les foules. Il m\u00e9lange th\u00e9orie et pratique avec une aisance d\u00e9concertante, jonglant entre ses \u00e9tudes de musicologie et ses performances sc\u00e9niques comme un \u00e9quilibriste. Certains disent qu'il peut communiquer avec les amplis par la pens\u00e9e, mais il refuse toujours de confirmer cette rumeur. Son r\u00eave secret ? Monter un duo avec une licorne guitariste. En attendant qu\u2019il rencontre cette fameuse cr\u00e9ature, il s\u2019entra\u00eene jour et nuit sans aucune piti\u00e9 pour ses pauvres voisins. Il n\u2019a jamais perdu un bras de fer et pr\u00e9tend avoir battu une fois un m\u00e9tronome en duel de vitesse, mais l\u2019histoire reste floue\u2026<\/p><\/div><\/div>\t\t\t\t<\/div>\n\t\t\t\t<\/div>\n\t\t\t\t<\/div>\n\t\t<div class=\"elementor-element elementor-element-49b0d442 e-con-full e-flex e-con e-child\" data-id=\"49b0d442\" data-element_type=\"container\" data-e-type=\"container\">\n\t\t\t\t<div class=\"elementor-element elementor-element-63ada0cb animated-fast elementor-invisible elementor-widget elementor-widget-heading\" data-id=\"63ada0cb\" data-element_type=\"widget\" data-e-type=\"widget\" data-settings=\"{&quot;_animation&quot;:&quot;slideInLeft&quot;}\" data-widget_type=\"heading.default\">\n\t\t\t\t<div class=\"elementor-widget-container\">\n\t\t\t\t\t<h3 class=\"elementor-heading-title elementor-size-default\">Kenan<\/h3>\t\t\t\t<\/div>\n\t\t\t\t<\/div>\n\t\t\t\t<div class=\"elementor-element elementor-element-7bce525c animated-fast elementor-position-top elementor-invisible elementor-widget elementor-widget-image-box\" data-id=\"7bce525c\" data-element_type=\"widget\" data-e-type=\"widget\" data-settings=\"{&quot;_animation&quot;:&quot;rollIn&quot;}\" data-widget_type=\"image-box.default\">\n\t\t\t\t<div class=\"elementor-widget-container\">\n\t\t\t\t\t<div class=\"elementor-image-box-wrapper\"><figure class=\"elementor-image-box-img\"><a href=\"https:\/\/www.instagram.com\/ds.kenan\/\" tabindex=\"-1\"><img decoding=\"async\" src=\"https:\/\/last-rainbow.com\/wp-content\/uploads\/2024\/10\/image000-2.png\" title=\"image000\" alt=\"image000\" loading=\"lazy\" \/><\/a><\/figure><div class=\"elementor-image-box-content\"><p class=\"elementor-image-box-description\">Kenan n\u2019est pas qu\u2019un simple bassiste, c\u2019est un architecte des vibrations, un sculpteur de son qui sait faire trembler vos mirettes avec une simple corde de basse. N\u00e9 dans un restaurant de cartes graphiques, il a grandi en \u00e9coutant le doux ronronnement des ventilateurs de processeur, ce qui explique son incroyable capacit\u00e9 \u00e0 harmoniser les fr\u00e9quences binaires avec des accords de jazz manouche. Ancien \u00e9tudiant en musicologie, c\u2019est aussi un passionn\u00e9 d'informatique, capable de r\u00e9parer un ordinateur en lui jouant une s\u00e9r\u00e9nade. Quand il n\u2019est pas en retard, ses grooves profonds et ses harmonies magiques envo\u00fbtent instantan\u00e9ment l\u2019audience. Il affirme avoir cr\u00e9\u00e9 un algorithme capable de composer un tube, mais il l\u2019a \u00e9trangement perdu dans un crash de disque dur. \n<\/p><\/div><\/div>\t\t\t\t<\/div>\n\t\t\t\t<\/div>\n\t\t\t\t<\/div>\n\t\t\t\t<\/div>\n\t\t\t\t<\/div>\n\t\t<div class=\"elementor-element elementor-element-54812e42 e-flex e-con-boxed e-con e-parent\" data-id=\"54812e42\" data-element_type=\"container\" data-e-type=\"container\">\n\t\t\t\t\t<div class=\"e-con-inner\">\n\t\t\t\t<div class=\"elementor-element elementor-element-1f794ca9 elementor-widget elementor-widget-spacer\" data-id=\"1f794ca9\" data-element_type=\"widget\" data-e-type=\"widget\" data-widget_type=\"spacer.default\">\n\t\t\t\t<div class=\"elementor-widget-container\">\n\t\t\t\t\t\t\t<div class=\"elementor-spacer\">\n\t\t\t<div class=\"elementor-spacer-inner\"><\/div>\n\t\t<\/div>\n\t\t\t\t\t\t<\/div>\n\t\t\t\t<\/div>\n\t\t\t\t<div class=\"elementor-element elementor-element-6e5fe107 elementor-shape-square animated-fast elementor-grid-0 e-grid-align-center elementor-invisible elementor-widget elementor-widget-social-icons\" data-id=\"6e5fe107\" data-element_type=\"widget\" data-e-type=\"widget\" data-settings=\"{&quot;_animation&quot;:&quot;fadeIn&quot;}\" data-widget_type=\"social-icons.default\">\n\t\t\t\t<div class=\"elementor-widget-container\">\n\t\t\t\t\t\t\t<div class=\"elementor-social-icons-wrapper elementor-grid\" role=\"list\">\n\t\t\t\t\t\t\t<span class=\"elementor-grid-item\" role=\"listitem\">\n\t\t\t\t\t<a class=\"elementor-icon elementor-social-icon elementor-social-icon-spotify elementor-animation-float elementor-repeater-item-d888cdd\" target=\"_blank\">\n\t\t\t\t\t\t<span class=\"elementor-screen-only\">Spotify<\/span>\n\t\t\t\t\t\t<svg aria-hidden=\"true\" class=\"e-font-icon-svg e-fab-spotify\" viewBox=\"0 0 496 512\" xmlns=\"http:\/\/www.w3.org\/2000\/svg\"><path d=\"M248 8C111.1 8 0 119.1 0 256s111.1 248 248 248 248-111.1 248-248S384.9 8 248 8zm100.7 364.9c-4.2 0-6.8-1.3-10.7-3.6-62.4-37.6-135-39.2-206.7-24.5-3.9 1-9 2.6-11.9 2.6-9.7 0-15.8-7.7-15.8-15.8 0-10.3 6.1-15.2 13.6-16.8 81.9-18.1 165.6-16.5 237 26.2 6.1 3.9 9.7 7.4 9.7 16.5s-7.1 15.4-15.2 15.4zm26.9-65.6c-5.2 0-8.7-2.3-12.3-4.2-62.5-37-155.7-51.9-238.6-29.4-4.8 1.3-7.4 2.6-11.9 2.6-10.7 0-19.4-8.7-19.4-19.4s5.2-17.8 15.5-20.7c27.8-7.8 56.2-13.6 97.8-13.6 64.9 0 127.6 16.1 177 45.5 8.1 4.8 11.3 11 11.3 19.7-.1 10.8-8.5 19.5-19.4 19.5zm31-76.2c-5.2 0-8.4-1.3-12.9-3.9-71.2-42.5-198.5-52.7-280.9-29.7-3.6 1-8.1 2.6-12.9 2.6-13.2 0-23.3-10.3-23.3-23.6 0-13.6 8.4-21.3 17.4-23.9 35.2-10.3 74.6-15.2 117.5-15.2 73 0 149.5 15.2 205.4 47.8 7.8 4.5 12.9 10.7 12.9 22.6 0 13.6-11 23.3-23.2 23.3z\"><\/path><\/svg>\t\t\t\t\t<\/a>\n\t\t\t\t<\/span>\n\t\t\t\t\t\t\t<span class=\"elementor-grid-item\" role=\"listitem\">\n\t\t\t\t\t<a class=\"elementor-icon elementor-social-icon elementor-social-icon-instagram elementor-animation-float elementor-repeater-item-5223359\" href=\"https:\/\/www.instagram.com\/last_rainbow_band\/\" target=\"_blank\">\n\t\t\t\t\t\t<span class=\"elementor-screen-only\">Instagram<\/span>\n\t\t\t\t\t\t<svg aria-hidden=\"true\" class=\"e-font-icon-svg e-fab-instagram\" viewBox=\"0 0 448 512\" xmlns=\"http:\/\/www.w3.org\/2000\/svg\"><path d=\"M224.1 141c-63.6 0-114.9 51.3-114.9 114.9s51.3 114.9 114.9 114.9S339 319.5 339 255.9 287.7 141 224.1 141zm0 189.6c-41.1 0-74.7-33.5-74.7-74.7s33.5-74.7 74.7-74.7 74.7 33.5 74.7 74.7-33.6 74.7-74.7 74.7zm146.4-194.3c0 14.9-12 26.8-26.8 26.8-14.9 0-26.8-12-26.8-26.8s12-26.8 26.8-26.8 26.8 12 26.8 26.8zm76.1 27.2c-1.7-35.9-9.9-67.7-36.2-93.9-26.2-26.2-58-34.4-93.9-36.2-37-2.1-147.9-2.1-184.9 0-35.8 1.7-67.6 9.9-93.9 36.1s-34.4 58-36.2 93.9c-2.1 37-2.1 147.9 0 184.9 1.7 35.9 9.9 67.7 36.2 93.9s58 34.4 93.9 36.2c37 2.1 147.9 2.1 184.9 0 35.9-1.7 67.7-9.9 93.9-36.2 26.2-26.2 34.4-58 36.2-93.9 2.1-37 2.1-147.8 0-184.8zM398.8 388c-7.8 19.6-22.9 34.7-42.6 42.6-29.5 11.7-99.5 9-132.1 9s-102.7 2.6-132.1-9c-19.6-7.8-34.7-22.9-42.6-42.6-11.7-29.5-9-99.5-9-132.1s-2.6-102.7 9-132.1c7.8-19.6 22.9-34.7 42.6-42.6 29.5-11.7 99.5-9 132.1-9s102.7-2.6 132.1 9c19.6 7.8 34.7 22.9 42.6 42.6 11.7 29.5 9 99.5 9 132.1s2.7 102.7-9 132.1z\"><\/path><\/svg>\t\t\t\t\t<\/a>\n\t\t\t\t<\/span>\n\t\t\t\t\t\t\t<span class=\"elementor-grid-item\" role=\"listitem\">\n\t\t\t\t\t<a class=\"elementor-icon elementor-social-icon elementor-social-icon-tiktok elementor-animation-float elementor-repeater-item-a938e3e\" href=\"https:\/\/www.tiktok.com\/@last.rainbow.band\" target=\"_blank\">\n\t\t\t\t\t\t<span class=\"elementor-screen-only\">Tiktok<\/span>\n\t\t\t\t\t\t<svg aria-hidden=\"true\" class=\"e-font-icon-svg e-fab-tiktok\" viewBox=\"0 0 448 512\" xmlns=\"http:\/\/www.w3.org\/2000\/svg\"><path d=\"M448,209.91a210.06,210.06,0,0,1-122.77-39.25V349.38A162.55,162.55,0,1,1,185,188.31V278.2a74.62,74.62,0,1,0,52.23,71.18V0l88,0a121.18,121.18,0,0,0,1.86,22.17h0A122.18,122.18,0,0,0,381,102.39a121.43,121.43,0,0,0,67,20.14Z\"><\/path><\/svg>\t\t\t\t\t<\/a>\n\t\t\t\t<\/span>\n\t\t\t\t\t\t\t<span class=\"elementor-grid-item\" role=\"listitem\">\n\t\t\t\t\t<a class=\"elementor-icon elementor-social-icon elementor-social-icon-youtube elementor-animation-float elementor-repeater-item-64a7263\" href=\"https:\/\/www.youtube.com\/@LastRainbowBand\" target=\"_blank\">\n\t\t\t\t\t\t<span class=\"elementor-screen-only\">Youtube<\/span>\n\t\t\t\t\t\t<svg aria-hidden=\"true\" class=\"e-font-icon-svg e-fab-youtube\" viewBox=\"0 0 576 512\" xmlns=\"http:\/\/www.w3.org\/2000\/svg\"><path d=\"M549.655 124.083c-6.281-23.65-24.787-42.276-48.284-48.597C458.781 64 288 64 288 64S117.22 64 74.629 75.486c-23.497 6.322-42.003 24.947-48.284 48.597-11.412 42.867-11.412 132.305-11.412 132.305s0 89.438 11.412 132.305c6.281 23.65 24.787 41.5 48.284 47.821C117.22 448 288 448 288 448s170.78 0 213.371-11.486c23.497-6.321 42.003-24.171 48.284-47.821 11.412-42.867 11.412-132.305 11.412-132.305s0-89.438-11.412-132.305zm-317.51 213.508V175.185l142.739 81.205-142.739 81.201z\"><\/path><\/svg>\t\t\t\t\t<\/a>\n\t\t\t\t<\/span>\n\t\t\t\t\t\t\t<span class=\"elementor-grid-item\" role=\"listitem\">\n\t\t\t\t\t<a class=\"elementor-icon elementor-social-icon elementor-social-icon-twitch elementor-animation-float elementor-repeater-item-3f673aa\" target=\"_blank\">\n\t\t\t\t\t\t<span class=\"elementor-screen-only\">Twitch<\/span>\n\t\t\t\t\t\t<svg aria-hidden=\"true\" class=\"e-font-icon-svg e-fab-twitch\" viewBox=\"0 0 512 512\" xmlns=\"http:\/\/www.w3.org\/2000\/svg\"><path d=\"M391.17,103.47H352.54v109.7h38.63ZM285,103H246.37V212.75H285ZM120.83,0,24.31,91.42V420.58H140.14V512l96.53-91.42h77.25L487.69,256V0ZM449.07,237.75l-77.22,73.12H294.61l-67.6,64v-64H140.14V36.58H449.07Z\"><\/path><\/svg>\t\t\t\t\t<\/a>\n\t\t\t\t<\/span>\n\t\t\t\t\t\t\t<span class=\"elementor-grid-item\" role=\"listitem\">\n\t\t\t\t\t<a class=\"elementor-icon elementor-social-icon elementor-social-icon-facebook elementor-animation-float elementor-repeater-item-d0178c6\" href=\"https:\/\/m.facebook.com\/lastrainbow06\" target=\"_blank\">\n\t\t\t\t\t\t<span class=\"elementor-screen-only\">Facebook<\/span>\n\t\t\t\t\t\t<svg aria-hidden=\"true\" class=\"e-font-icon-svg e-fab-facebook\" viewBox=\"0 0 512 512\" xmlns=\"http:\/\/www.w3.org\/2000\/svg\"><path d=\"M504 256C504 119 393 8 256 8S8 119 8 256c0 123.78 90.69 226.38 209.25 245V327.69h-63V256h63v-54.64c0-62.15 37-96.48 93.67-96.48 27.14 0 55.52 4.84 55.52 4.84v61h-31.28c-30.8 0-40.41 19.12-40.41 38.73V256h68.78l-11 71.69h-57.78V501C413.31 482.38 504 379.78 504 256z\"><\/path><\/svg>\t\t\t\t\t<\/a>\n\t\t\t\t<\/span>\n\t\t\t\t\t<\/div>\n\t\t\t\t\t\t<\/div>\n\t\t\t\t<\/div>\n\t\t\t\t\t<\/div>\n\t\t\t\t<\/div>\n\t\t\t\t<\/div>\n\t\t","protected":false},"excerpt":{"rendered":"<p>Le Groupe RAPHAEL N\u00e9 un 21 septembre lors d\u2019une ann\u00e9e non bissextile, Rapha\u00ebl a su d\u00e8s son plus jeune \u00e2ge qu&#8217;il ne vivrait pas une vie ordinaire. \u00c9lev\u00e9 dans un cirque itin\u00e9rant de montgolfi\u00e8res, il a appris \u00e0 jouer du violon et du piano sur un monocycle avant de d\u00e9couvrir sa passion pour la batterie en jonglant avec des tambours.<\/p>\n<p class=\"more-link\"><a class=\"button\" href=\"https:\/\/last-rainbow.com\/index.php\/__trashed\/\" class=\"readmore\">Poursuis la lecture<span class=\"screen-reader-text\">Groupe<\/span><\/a><\/p>\n","protected":false},"author":1,"featured_media":0,"parent":0,"menu_order":0,"comment_status":"closed","ping_status":"closed","template":"elementor_header_footer","meta":{"om_disable_all_campaigns":false,"_monsterinsights_skip_tracking":false,"_monsterinsights_sitenote_active":false,"_monsterinsights_sitenote_note":"","_monsterinsights_sitenote_category":0,"footnotes":""},"class_list":["post-249","page","type-page","status-publish","hentry"],"aioseo_notices":[],"_links":{"self":[{"href":"https:\/\/last-rainbow.com\/index.php\/wp-json\/wp\/v2\/pages\/249","targetHints":{"allow":["GET"]}}],"collection":[{"href":"https:\/\/last-rainbow.com\/index.php\/wp-json\/wp\/v2\/pages"}],"about":[{"href":"https:\/\/last-rainbow.com\/index.php\/wp-json\/wp\/v2\/types\/page"}],"author":[{"embeddable":true,"href":"https:\/\/last-rainbow.com\/index.php\/wp-json\/wp\/v2\/users\/1"}],"replies":[{"embeddable":true,"href":"https:\/\/last-rainbow.com\/index.php\/wp-json\/wp\/v2\/comments?post=249"}],"version-history":[{"count":218,"href":"https:\/\/last-rainbow.com\/index.php\/wp-json\/wp\/v2\/pages\/249\/revisions"}],"predecessor-version":[{"id":2466,"href":"https:\/\/last-rainbow.com\/index.php\/wp-json\/wp\/v2\/pages\/249\/revisions\/2466"}],"wp:attachment":[{"href":"https:\/\/last-rainbow.com\/index.php\/wp-json\/wp\/v2\/media?parent=249"}],"curies":[{"name":"wp","href":"https:\/\/api.w.org\/{rel}","templated":true}]}}